{"id":427,"date":"2019-01-29T22:26:34","date_gmt":"2019-01-30T01:26:34","guid":{"rendered":"http:\/\/www.sibari.cl\/?page_id=427"},"modified":"2020-10-16T23:11:46","modified_gmt":"2020-10-17T02:11:46","slug":"artesania-y-decoracion","status":"publish","type":"page","link":"https:\/\/www.sibari.cl\/index.php\/artesania-y-decoracion\/","title":{"rendered":"Artesan\u00eda y Decoraci\u00f3n"},"content":{"rendered":"\t\t<div data-elementor-type=\"wp-post\" data-elementor-id=\"427\" class=\"elementor elementor-427\" data-elementor-post-type=\"page\">\n\t\t\t\t\t\t<section class=\"elementor-section elementor-top-section elementor-element elementor-element-3c7e6c7 elementor-section-boxed elementor-section-height-default elementor-section-height-default\" data-id=\"3c7e6c7\" data-element_type=\"section\" data-e-type=\"section\">\n\t\t\t\t\t\t<div class=\"elementor-container elementor-column-gap-default\">\n\t\t\t\t\t<div class=\"elementor-column elementor-col-33 elementor-top-column elementor-element elementor-element-50ec3e9\" data-id=\"50ec3e9\" data-element_type=\"column\" data-e-type=\"column\">\n\t\t\t<div class=\"elementor-widget-wrap elementor-element-populated\">\n\t\t\t\t\t\t<div class=\"elementor-element elementor-element-83cfabd elementor-widget elementor-widget-image\" data-id=\"83cfabd\" data-element_type=\"widget\" data-e-type=\"widget\" data-widget_type=\"image.default\">\n\t\t\t\t<div class=\"elementor-widget-container\">\n\t\t\t\t\t\t\t\t\t\t\t\t\t\t\t<img fetchpriority=\"high\" decoding=\"async\" width=\"300\" height=\"450\" src=\"https:\/\/www.sibari.cl\/wp-content\/uploads\/2019\/01\/IMG_3524.png\" class=\"attachment-large size-large wp-image-431\" alt=\"\" srcset=\"https:\/\/www.sibari.cl\/wp-content\/uploads\/2019\/01\/IMG_3524.png 300w, https:\/\/www.sibari.cl\/wp-content\/uploads\/2019\/01\/IMG_3524-200x300.png 200w, https:\/\/www.sibari.cl\/wp-content\/uploads\/2019\/01\/IMG_3524-230x345.png 230w\" sizes=\"(max-width: 300px) 100vw, 300px\" \/>\t\t\t\t\t\t\t\t\t\t\t\t\t\t\t<\/div>\n\t\t\t\t<\/div>\n\t\t\t\t\t<\/div>\n\t\t<\/div>\n\t\t\t\t<div class=\"elementor-column elementor-col-66 elementor-top-column elementor-element elementor-element-546d029\" data-id=\"546d029\" data-element_type=\"column\" data-e-type=\"column\">\n\t\t\t<div class=\"elementor-widget-wrap elementor-element-populated\">\n\t\t\t\t\t\t<div class=\"elementor-element elementor-element-475f744 elementor-widget elementor-widget-text-editor\" data-id=\"475f744\" data-element_type=\"widget\" data-e-type=\"widget\" data-widget_type=\"text-editor.default\">\n\t\t\t\t<div class=\"elementor-widget-container\">\n\t\t\t\t\t\t\t\t\t<p>Sibari cuenta con una Sala de Artesan\u00edas locales y de Chile, especialmente pensada en los turistas que nos visitan y quienes deseen regalar y enviar algo especial al extranjero. Contamos con una variada gama de r\u00e9plicas de figuras Diaguitas, que adem\u00e1s se encuentran en exhibici\u00f3n en el Museo Limar\u00ed.<br \/>Esta Sala adem\u00e1s cuenta con art\u00edculos de decoraci\u00f3n y accesorios para quienes buscan obsequiar algo especial a sus seres queridos.<\/p><p>Horario de atenci\u00f3n de lunes a viernes de 10:00 a 23:00 horas.<\/p>\t\t\t\t\t\t\t\t<\/div>\n\t\t\t\t<\/div>\n\t\t\t\t\t<\/div>\n\t\t<\/div>\n\t\t\t\t\t<\/div>\n\t\t<\/section>\n\t\t\t\t<section class=\"elementor-section elementor-top-section elementor-element elementor-element-3cd7fd4 elementor-section-boxed elementor-section-height-default elementor-section-height-default\" data-id=\"3cd7fd4\" data-element_type=\"section\" data-e-type=\"section\">\n\t\t\t\t\t\t<div class=\"elementor-container elementor-column-gap-default\">\n\t\t\t\t\t<div class=\"elementor-column elementor-col-100 elementor-top-column elementor-element elementor-element-7381688\" data-id=\"7381688\" data-element_type=\"column\" data-e-type=\"column\">\n\t\t\t<div class=\"elementor-widget-wrap elementor-element-populated\">\n\t\t\t\t\t\t<div class=\"elementor-element elementor-element-ff4b256 elementor-widget elementor-widget-image-gallery\" data-id=\"ff4b256\" data-element_type=\"widget\" data-e-type=\"widget\" data-widget_type=\"image-gallery.default\">\n\t\t\t\t<div class=\"elementor-widget-container\">\n\t\t\t\t\t\t\t<div class=\"elementor-image-gallery\">\n\t\t\t<div id='gallery-1' class='gallery galleryid-427 gallery-columns-4 gallery-size-thumbnail'><figure class='gallery-item'>\n\t\t\t<div class='gallery-icon landscape'>\n\t\t\t\t<a data-elementor-open-lightbox=\"yes\" data-elementor-lightbox-slideshow=\"ff4b256\" data-elementor-lightbox-title=\"IMG_3525\" data-e-action-hash=\"#elementor-action%3Aaction%3Dlightbox%26settings%3DeyJpZCI6NTQxLCJ1cmwiOiJodHRwczpcL1wvd3d3LnNpYmFyaS5jbFwvd3AtY29udGVudFwvdXBsb2Fkc1wvMjAxOVwvMDdcL0lNR18zNTI1LmpwZyIsInNsaWRlc2hvdyI6ImZmNGIyNTYifQ%3D%3D\" href='https:\/\/www.sibari.cl\/wp-content\/uploads\/2019\/07\/IMG_3525.jpg'><img decoding=\"async\" width=\"150\" height=\"150\" src=\"https:\/\/www.sibari.cl\/wp-content\/uploads\/2019\/07\/IMG_3525-150x150.jpg\" class=\"attachment-thumbnail size-thumbnail\" alt=\"\" \/><\/a>\n\t\t\t<\/div><\/figure><figure class='gallery-item'>\n\t\t\t<div class='gallery-icon landscape'>\n\t\t\t\t<a data-elementor-open-lightbox=\"yes\" data-elementor-lightbox-slideshow=\"ff4b256\" data-elementor-lightbox-title=\"IMG_3527\" data-e-action-hash=\"#elementor-action%3Aaction%3Dlightbox%26settings%3DeyJpZCI6NTQyLCJ1cmwiOiJodHRwczpcL1wvd3d3LnNpYmFyaS5jbFwvd3AtY29udGVudFwvdXBsb2Fkc1wvMjAxOVwvMDdcL0lNR18zNTI3LmpwZyIsInNsaWRlc2hvdyI6ImZmNGIyNTYifQ%3D%3D\" href='https:\/\/www.sibari.cl\/wp-content\/uploads\/2019\/07\/IMG_3527.jpg'><img decoding=\"async\" width=\"150\" height=\"150\" src=\"https:\/\/www.sibari.cl\/wp-content\/uploads\/2019\/07\/IMG_3527-150x150.jpg\" class=\"attachment-thumbnail size-thumbnail\" alt=\"\" \/><\/a>\n\t\t\t<\/div><\/figure><figure class='gallery-item'>\n\t\t\t<div class='gallery-icon landscape'>\n\t\t\t\t<a data-elementor-open-lightbox=\"yes\" data-elementor-lightbox-slideshow=\"ff4b256\" data-elementor-lightbox-title=\"IMG_3535\" data-e-action-hash=\"#elementor-action%3Aaction%3Dlightbox%26settings%3DeyJpZCI6NTQzLCJ1cmwiOiJodHRwczpcL1wvd3d3LnNpYmFyaS5jbFwvd3AtY29udGVudFwvdXBsb2Fkc1wvMjAxOVwvMDdcL0lNR18zNTM1LmpwZyIsInNsaWRlc2hvdyI6ImZmNGIyNTYifQ%3D%3D\" href='https:\/\/www.sibari.cl\/wp-content\/uploads\/2019\/07\/IMG_3535.jpg'><img loading=\"lazy\" decoding=\"async\" width=\"150\" height=\"150\" src=\"https:\/\/www.sibari.cl\/wp-content\/uploads\/2019\/07\/IMG_3535-150x150.jpg\" class=\"attachment-thumbnail size-thumbnail\" alt=\"\" \/><\/a>\n\t\t\t<\/div><\/figure><figure class='gallery-item'>\n\t\t\t<div class='gallery-icon portrait'>\n\t\t\t\t<a data-elementor-open-lightbox=\"yes\" data-elementor-lightbox-slideshow=\"ff4b256\" data-elementor-lightbox-title=\"IMG_3552\" data-e-action-hash=\"#elementor-action%3Aaction%3Dlightbox%26settings%3DeyJpZCI6NTQ0LCJ1cmwiOiJodHRwczpcL1wvd3d3LnNpYmFyaS5jbFwvd3AtY29udGVudFwvdXBsb2Fkc1wvMjAxOVwvMDdcL0lNR18zNTUyLmpwZyIsInNsaWRlc2hvdyI6ImZmNGIyNTYifQ%3D%3D\" href='https:\/\/www.sibari.cl\/wp-content\/uploads\/2019\/07\/IMG_3552.jpg'><img loading=\"lazy\" decoding=\"async\" width=\"150\" height=\"150\" src=\"https:\/\/www.sibari.cl\/wp-content\/uploads\/2019\/07\/IMG_3552-150x150.jpg\" class=\"attachment-thumbnail size-thumbnail\" alt=\"\" \/><\/a>\n\t\t\t<\/div><\/figure>\n\t\t<\/div>\n\t\t<\/div>\n\t\t\t\t\t\t<\/div>\n\t\t\t\t<\/div>\n\t\t\t\t\t<\/div>\n\t\t<\/div>\n\t\t\t\t\t<\/div>\n\t\t<\/section>\n\t\t\t\t<\/div>\n\t\t","protected":false},"excerpt":{"rendered":"<p>Sibari cuenta con una Sala de Artesan\u00edas locales y de Chile, especialmente pensada en los turistas que nos visitan y quienes deseen&#8230;<\/p>\n","protected":false},"author":2,"featured_media":0,"parent":0,"menu_order":0,"comment_status":"closed","ping_status":"closed","template":"","meta":{"footnotes":""},"class_list":["post-427","page","type-page","status-publish","hentry"],"_links":{"self":[{"href":"https:\/\/www.sibari.cl\/index.php\/wp-json\/wp\/v2\/pages\/427","targetHints":{"allow":["GET"]}}],"collection":[{"href":"https:\/\/www.sibari.cl\/index.php\/wp-json\/wp\/v2\/pages"}],"about":[{"href":"https:\/\/www.sibari.cl\/index.php\/wp-json\/wp\/v2\/types\/page"}],"author":[{"embeddable":true,"href":"https:\/\/www.sibari.cl\/index.php\/wp-json\/wp\/v2\/users\/2"}],"replies":[{"embeddable":true,"href":"https:\/\/www.sibari.cl\/index.php\/wp-json\/wp\/v2\/comments?post=427"}],"version-history":[{"count":4,"href":"https:\/\/www.sibari.cl\/index.php\/wp-json\/wp\/v2\/pages\/427\/revisions"}],"predecessor-version":[{"id":556,"href":"https:\/\/www.sibari.cl\/index.php\/wp-json\/wp\/v2\/pages\/427\/revisions\/556"}],"wp:attachment":[{"href":"https:\/\/www.sibari.cl\/index.php\/wp-json\/wp\/v2\/media?parent=427"}],"curies":[{"name":"wp","href":"https:\/\/api.w.org\/{rel}","templated":true}]}}