{"id":405,"date":"2019-01-23T11:38:17","date_gmt":"2019-01-23T14:38:17","guid":{"rendered":"http:\/\/www.sibari.cl\/?page_id=405"},"modified":"2019-07-13T19:43:14","modified_gmt":"2019-07-13T22:43:14","slug":"catas-maridajes","status":"publish","type":"page","link":"https:\/\/www.sibari.cl\/index.php\/catas-maridajes\/","title":{"rendered":"Catas &#038; Maridajes"},"content":{"rendered":"\t\t<div data-elementor-type=\"wp-post\" data-elementor-id=\"405\" class=\"elementor elementor-405 elementor-bc-flex-widget\" data-elementor-post-type=\"page\">\n\t\t\t\t\t\t<section class=\"elementor-section elementor-top-section elementor-element elementor-element-498b288 elementor-section-boxed elementor-section-height-default elementor-section-height-default\" data-id=\"498b288\" data-element_type=\"section\" data-e-type=\"section\">\n\t\t\t\t\t\t<div class=\"elementor-container elementor-column-gap-default\">\n\t\t\t\t\t<div class=\"elementor-column elementor-col-33 elementor-top-column elementor-element elementor-element-75e35bf\" data-id=\"75e35bf\" data-element_type=\"column\" data-e-type=\"column\">\n\t\t\t<div class=\"elementor-widget-wrap elementor-element-populated\">\n\t\t\t\t\t\t<div class=\"elementor-element elementor-element-f877c39 elementor-widget elementor-widget-image\" data-id=\"f877c39\" data-element_type=\"widget\" data-e-type=\"widget\" data-widget_type=\"image.default\">\n\t\t\t\t<div class=\"elementor-widget-container\">\n\t\t\t\t\t\t\t\t\t\t\t\t\t\t\t<img fetchpriority=\"high\" decoding=\"async\" width=\"600\" height=\"900\" src=\"https:\/\/www.sibari.cl\/wp-content\/uploads\/2019\/01\/IMG_9106.png\" class=\"attachment-large size-large wp-image-408\" alt=\"\" srcset=\"https:\/\/www.sibari.cl\/wp-content\/uploads\/2019\/01\/IMG_9106.png 600w, https:\/\/www.sibari.cl\/wp-content\/uploads\/2019\/01\/IMG_9106-200x300.png 200w, https:\/\/www.sibari.cl\/wp-content\/uploads\/2019\/01\/IMG_9106-230x345.png 230w, https:\/\/www.sibari.cl\/wp-content\/uploads\/2019\/01\/IMG_9106-350x525.png 350w, https:\/\/www.sibari.cl\/wp-content\/uploads\/2019\/01\/IMG_9106-480x720.png 480w\" sizes=\"(max-width: 600px) 100vw, 600px\" \/>\t\t\t\t\t\t\t\t\t\t\t\t\t\t\t<\/div>\n\t\t\t\t<\/div>\n\t\t\t\t\t<\/div>\n\t\t<\/div>\n\t\t\t\t<div class=\"elementor-column elementor-col-66 elementor-top-column elementor-element elementor-element-7a48369\" data-id=\"7a48369\" data-element_type=\"column\" data-e-type=\"column\">\n\t\t\t<div class=\"elementor-widget-wrap elementor-element-populated\">\n\t\t\t\t\t\t<div class=\"elementor-element elementor-element-2597bb2 elementor-widget elementor-widget-text-editor\" data-id=\"2597bb2\" data-element_type=\"widget\" data-e-type=\"widget\" data-widget_type=\"text-editor.default\">\n\t\t\t\t<div class=\"elementor-widget-container\">\n\t\t\t\t\t\t\t\t\t<p>Con la Intenci\u00f3n de acercar a nuestros clientes al mundo del vino y licores, ofrecemos una variedad de catas &amp; maridajes de la mano de un(a) Sommelier encargado(a) de explicar y ense\u00f1ar acerca de las bondades de cada brebaje y los mejores alimentos para acompa\u00f1ar.<\/p><p>Es por esto que Sibari se posicion\u00f3 en el Limar\u00ed como los primeros en ofrecer esta actividad cada mes y asi permitir a \u00a0nuestros clientes conocer nuevas marcas y disfrutar de nuestra gastronom\u00eda local en cada uno de sus maridajes.<\/p><p>Adem\u00e1s de estas actividades mensuales, contamos con una cata &amp; maridaje del Limar\u00ed en nuestra carta de manera permanente, donde podr\u00e1s disfrutar de las principales marcas de nuestro Valle junto a maridajes locales, consulta y vive la magia del Limar\u00eda a trav\u00e9s de sus vinos y gastronom\u00eda.<\/p>\t\t\t\t\t\t\t\t<\/div>\n\t\t\t\t<\/div>\n\t\t\t\t\t<\/div>\n\t\t<\/div>\n\t\t\t\t\t<\/div>\n\t\t<\/section>\n\t\t\t\t<\/div>\n\t\t","protected":false},"excerpt":{"rendered":"<p>Con la Intenci\u00f3n de acercar a nuestros clientes al mundo del vino y licores, ofrecemos una variedad de catas &amp; maridajes de&#8230;<\/p>\n","protected":false},"author":2,"featured_media":0,"parent":0,"menu_order":0,"comment_status":"closed","ping_status":"closed","template":"","meta":{"footnotes":""},"class_list":["post-405","page","type-page","status-publish","hentry"],"_links":{"self":[{"href":"https:\/\/www.sibari.cl\/index.php\/wp-json\/wp\/v2\/pages\/405","targetHints":{"allow":["GET"]}}],"collection":[{"href":"https:\/\/www.sibari.cl\/index.php\/wp-json\/wp\/v2\/pages"}],"about":[{"href":"https:\/\/www.sibari.cl\/index.php\/wp-json\/wp\/v2\/types\/page"}],"author":[{"embeddable":true,"href":"https:\/\/www.sibari.cl\/index.php\/wp-json\/wp\/v2\/users\/2"}],"replies":[{"embeddable":true,"href":"https:\/\/www.sibari.cl\/index.php\/wp-json\/wp\/v2\/comments?post=405"}],"version-history":[{"count":4,"href":"https:\/\/www.sibari.cl\/index.php\/wp-json\/wp\/v2\/pages\/405\/revisions"}],"predecessor-version":[{"id":523,"href":"https:\/\/www.sibari.cl\/index.php\/wp-json\/wp\/v2\/pages\/405\/revisions\/523"}],"wp:attachment":[{"href":"https:\/\/www.sibari.cl\/index.php\/wp-json\/wp\/v2\/media?parent=405"}],"curies":[{"name":"wp","href":"https:\/\/api.w.org\/{rel}","templated":true}]}}