{"id":400,"date":"2019-01-22T22:33:31","date_gmt":"2019-01-23T01:33:31","guid":{"rendered":"http:\/\/www.sibari.cl\/?page_id=400"},"modified":"2019-07-13T19:28:57","modified_gmt":"2019-07-13T22:28:57","slug":"vinos-y-licores-premium","status":"publish","type":"page","link":"https:\/\/www.sibari.cl\/index.php\/vinos-y-licores-premium\/","title":{"rendered":"Vinos y Licores Premium"},"content":{"rendered":"\t\t<div data-elementor-type=\"wp-post\" data-elementor-id=\"400\" class=\"elementor elementor-400 elementor-bc-flex-widget\" data-elementor-post-type=\"page\">\n\t\t\t\t\t\t<section class=\"elementor-section elementor-top-section elementor-element elementor-element-05f03d1 elementor-section-boxed elementor-section-height-default elementor-section-height-default\" data-id=\"05f03d1\" data-element_type=\"section\" data-e-type=\"section\">\n\t\t\t\t\t\t<div class=\"elementor-container elementor-column-gap-default\">\n\t\t\t\t\t<div class=\"elementor-column elementor-col-33 elementor-top-column elementor-element elementor-element-5aca9e7\" data-id=\"5aca9e7\" data-element_type=\"column\" data-e-type=\"column\">\n\t\t\t<div class=\"elementor-widget-wrap elementor-element-populated\">\n\t\t\t\t\t\t<div class=\"elementor-element elementor-element-0f30c90 elementor-widget elementor-widget-image\" data-id=\"0f30c90\" data-element_type=\"widget\" data-e-type=\"widget\" data-widget_type=\"image.default\">\n\t\t\t\t<div class=\"elementor-widget-container\">\n\t\t\t\t\t\t\t\t\t\t\t\t\t\t\t<img fetchpriority=\"high\" decoding=\"async\" width=\"738\" height=\"493\" src=\"https:\/\/www.sibari.cl\/wp-content\/uploads\/2019\/07\/vinos3.jpg\" class=\"attachment-large size-large wp-image-511\" alt=\"\" srcset=\"https:\/\/www.sibari.cl\/wp-content\/uploads\/2019\/07\/vinos3.jpg 738w, https:\/\/www.sibari.cl\/wp-content\/uploads\/2019\/07\/vinos3-300x200.jpg 300w, https:\/\/www.sibari.cl\/wp-content\/uploads\/2019\/07\/vinos3-230x154.jpg 230w, https:\/\/www.sibari.cl\/wp-content\/uploads\/2019\/07\/vinos3-350x234.jpg 350w, https:\/\/www.sibari.cl\/wp-content\/uploads\/2019\/07\/vinos3-480x321.jpg 480w\" sizes=\"(max-width: 738px) 100vw, 738px\" \/>\t\t\t\t\t\t\t\t\t\t\t\t\t\t\t<\/div>\n\t\t\t\t<\/div>\n\t\t\t\t\t<\/div>\n\t\t<\/div>\n\t\t\t\t<div class=\"elementor-column elementor-col-66 elementor-top-column elementor-element elementor-element-d203075\" data-id=\"d203075\" data-element_type=\"column\" data-e-type=\"column\">\n\t\t\t<div class=\"elementor-widget-wrap elementor-element-populated\">\n\t\t\t\t\t\t<div class=\"elementor-element elementor-element-c0dd168 elementor-widget elementor-widget-text-editor\" data-id=\"c0dd168\" data-element_type=\"widget\" data-e-type=\"widget\" data-widget_type=\"text-editor.default\">\n\t\t\t\t<div class=\"elementor-widget-container\">\n\t\t\t\t\t\t\t\t\t<p>En Sibari contamos con la Sala de vinos y Licores m\u00e1s amplia de la Provincia del Limar\u00ed, aqu\u00ed podr\u00e1s encontrar las mejores marcas y etiquetas de licores Premium de Chile y el mundo, perfecto para regalar o acompa\u00f1ar diferentes reuniones y celebraciones.<br \/>Amplia variedad de Piscos, Vinos, espumantes, Champagne, whisky, y mucho m\u00e1s.<br \/>Vis\u00edtanos, Horario de Atenci\u00f3n de lunes a domingo de 10:00 a 23:00 horas.<\/p>\t\t\t\t\t\t\t\t<\/div>\n\t\t\t\t<\/div>\n\t\t\t\t\t<\/div>\n\t\t<\/div>\n\t\t\t\t\t<\/div>\n\t\t<\/section>\n\t\t\t\t<section class=\"elementor-section elementor-top-section elementor-element elementor-element-7b05687 elementor-section-boxed elementor-section-height-default elementor-section-height-default\" data-id=\"7b05687\" data-element_type=\"section\" data-e-type=\"section\">\n\t\t\t\t\t\t<div class=\"elementor-container elementor-column-gap-default\">\n\t\t\t\t\t<div class=\"elementor-column elementor-col-100 elementor-top-column elementor-element elementor-element-0b7b2cf\" data-id=\"0b7b2cf\" data-element_type=\"column\" data-e-type=\"column\">\n\t\t\t<div class=\"elementor-widget-wrap elementor-element-populated\">\n\t\t\t\t\t\t<div class=\"elementor-element elementor-element-32f0420 elementor-widget elementor-widget-image-gallery\" data-id=\"32f0420\" data-element_type=\"widget\" data-e-type=\"widget\" data-widget_type=\"image-gallery.default\">\n\t\t\t\t<div class=\"elementor-widget-container\">\n\t\t\t\t\t\t\t<div class=\"elementor-image-gallery\">\n\t\t\t<div id='gallery-1' class='gallery galleryid-400 gallery-columns-2 gallery-size-medium'><figure class='gallery-item'>\n\t\t\t<div class='gallery-icon landscape'>\n\t\t\t\t<a data-elementor-open-lightbox=\"yes\" data-elementor-lightbox-slideshow=\"32f0420\" data-elementor-lightbox-title=\"vinos2\" data-e-action-hash=\"#elementor-action%3Aaction%3Dlightbox%26settings%3DeyJpZCI6NTEwLCJ1cmwiOiJodHRwczpcL1wvd3d3LnNpYmFyaS5jbFwvd3AtY29udGVudFwvdXBsb2Fkc1wvMjAxOVwvMDdcL3Zpbm9zMi5qcGciLCJzbGlkZXNob3ciOiIzMmYwNDIwIn0%3D\" href='https:\/\/www.sibari.cl\/wp-content\/uploads\/2019\/07\/vinos2.jpg'><img decoding=\"async\" width=\"300\" height=\"197\" src=\"https:\/\/www.sibari.cl\/wp-content\/uploads\/2019\/07\/vinos2-300x197.jpg\" class=\"attachment-medium size-medium\" alt=\"\" srcset=\"https:\/\/www.sibari.cl\/wp-content\/uploads\/2019\/07\/vinos2-300x197.jpg 300w, https:\/\/www.sibari.cl\/wp-content\/uploads\/2019\/07\/vinos2-230x151.jpg 230w, https:\/\/www.sibari.cl\/wp-content\/uploads\/2019\/07\/vinos2-350x230.jpg 350w, https:\/\/www.sibari.cl\/wp-content\/uploads\/2019\/07\/vinos2-480x316.jpg 480w, https:\/\/www.sibari.cl\/wp-content\/uploads\/2019\/07\/vinos2.jpg 736w\" sizes=\"(max-width: 300px) 100vw, 300px\" \/><\/a>\n\t\t\t<\/div><\/figure><figure class='gallery-item'>\n\t\t\t<div class='gallery-icon landscape'>\n\t\t\t\t<a data-elementor-open-lightbox=\"yes\" data-elementor-lightbox-slideshow=\"32f0420\" data-elementor-lightbox-title=\"vinos1\" data-e-action-hash=\"#elementor-action%3Aaction%3Dlightbox%26settings%3DeyJpZCI6NTA5LCJ1cmwiOiJodHRwczpcL1wvd3d3LnNpYmFyaS5jbFwvd3AtY29udGVudFwvdXBsb2Fkc1wvMjAxOVwvMDdcL3Zpbm9zMS5qcGciLCJzbGlkZXNob3ciOiIzMmYwNDIwIn0%3D\" href='https:\/\/www.sibari.cl\/wp-content\/uploads\/2019\/07\/vinos1.jpg'><img decoding=\"async\" width=\"300\" height=\"199\" src=\"https:\/\/www.sibari.cl\/wp-content\/uploads\/2019\/07\/vinos1-300x199.jpg\" class=\"attachment-medium size-medium\" alt=\"\" srcset=\"https:\/\/www.sibari.cl\/wp-content\/uploads\/2019\/07\/vinos1-300x199.jpg 300w, https:\/\/www.sibari.cl\/wp-content\/uploads\/2019\/07\/vinos1-230x153.jpg 230w, https:\/\/www.sibari.cl\/wp-content\/uploads\/2019\/07\/vinos1-350x233.jpg 350w, https:\/\/www.sibari.cl\/wp-content\/uploads\/2019\/07\/vinos1-480x319.jpg 480w, https:\/\/www.sibari.cl\/wp-content\/uploads\/2019\/07\/vinos1.jpg 736w\" sizes=\"(max-width: 300px) 100vw, 300px\" \/><\/a>\n\t\t\t<\/div><\/figure>\n\t\t<\/div>\n\t\t<\/div>\n\t\t\t\t\t\t<\/div>\n\t\t\t\t<\/div>\n\t\t\t\t\t<\/div>\n\t\t<\/div>\n\t\t\t\t\t<\/div>\n\t\t<\/section>\n\t\t\t\t<\/div>\n\t\t","protected":false},"excerpt":{"rendered":"<p>En Sibari contamos con la Sala de vinos y Licores m\u00e1s amplia de la Provincia del Limar\u00ed, aqu\u00ed podr\u00e1s encontrar las mejores&#8230;<\/p>\n","protected":false},"author":2,"featured_media":0,"parent":0,"menu_order":0,"comment_status":"closed","ping_status":"closed","template":"","meta":{"footnotes":""},"class_list":["post-400","page","type-page","status-publish","hentry"],"_links":{"self":[{"href":"https:\/\/www.sibari.cl\/index.php\/wp-json\/wp\/v2\/pages\/400","targetHints":{"allow":["GET"]}}],"collection":[{"href":"https:\/\/www.sibari.cl\/index.php\/wp-json\/wp\/v2\/pages"}],"about":[{"href":"https:\/\/www.sibari.cl\/index.php\/wp-json\/wp\/v2\/types\/page"}],"author":[{"embeddable":true,"href":"https:\/\/www.sibari.cl\/index.php\/wp-json\/wp\/v2\/users\/2"}],"replies":[{"embeddable":true,"href":"https:\/\/www.sibari.cl\/index.php\/wp-json\/wp\/v2\/comments?post=400"}],"version-history":[{"count":6,"href":"https:\/\/www.sibari.cl\/index.php\/wp-json\/wp\/v2\/pages\/400\/revisions"}],"predecessor-version":[{"id":513,"href":"https:\/\/www.sibari.cl\/index.php\/wp-json\/wp\/v2\/pages\/400\/revisions\/513"}],"wp:attachment":[{"href":"https:\/\/www.sibari.cl\/index.php\/wp-json\/wp\/v2\/media?parent=400"}],"curies":[{"name":"wp","href":"https:\/\/api.w.org\/{rel}","templated":true}]}}