{"id":393,"date":"2019-01-22T22:22:36","date_gmt":"2019-01-23T01:22:36","guid":{"rendered":"http:\/\/www.sibari.cl\/?page_id=393"},"modified":"2019-07-16T22:39:54","modified_gmt":"2019-07-17T01:39:54","slug":"cafeteria-y-restaurant","status":"publish","type":"page","link":"https:\/\/www.sibari.cl\/index.php\/cafeteria-y-restaurant\/","title":{"rendered":"Cafeter\u00eda y Restaurant"},"content":{"rendered":"\t\t<div data-elementor-type=\"wp-post\" data-elementor-id=\"393\" class=\"elementor elementor-393\" data-elementor-post-type=\"page\">\n\t\t\t\t\t\t<section class=\"elementor-section elementor-top-section elementor-element elementor-element-1030b6b elementor-section-boxed elementor-section-height-default elementor-section-height-default\" data-id=\"1030b6b\" data-element_type=\"section\" data-e-type=\"section\">\n\t\t\t\t\t\t<div class=\"elementor-container elementor-column-gap-default\">\n\t\t\t\t\t<div class=\"elementor-column elementor-col-33 elementor-top-column elementor-element elementor-element-a22a20a\" data-id=\"a22a20a\" data-element_type=\"column\" data-e-type=\"column\">\n\t\t\t<div class=\"elementor-widget-wrap elementor-element-populated\">\n\t\t\t\t\t\t<div class=\"elementor-element elementor-element-a45806b elementor-widget elementor-widget-image\" data-id=\"a45806b\" data-element_type=\"widget\" data-e-type=\"widget\" data-widget_type=\"image.default\">\n\t\t\t\t<div class=\"elementor-widget-container\">\n\t\t\t\t\t\t\t\t\t\t\t\t\t\t\t<img fetchpriority=\"high\" decoding=\"async\" width=\"725\" height=\"483\" src=\"https:\/\/www.sibari.cl\/wp-content\/uploads\/2019\/07\/cafeteria.jpg\" class=\"attachment-sydney-large-thumb size-sydney-large-thumb wp-image-504\" alt=\"\" srcset=\"https:\/\/www.sibari.cl\/wp-content\/uploads\/2019\/07\/cafeteria.jpg 725w, https:\/\/www.sibari.cl\/wp-content\/uploads\/2019\/07\/cafeteria-300x200.jpg 300w, https:\/\/www.sibari.cl\/wp-content\/uploads\/2019\/07\/cafeteria-230x153.jpg 230w, https:\/\/www.sibari.cl\/wp-content\/uploads\/2019\/07\/cafeteria-350x233.jpg 350w, https:\/\/www.sibari.cl\/wp-content\/uploads\/2019\/07\/cafeteria-480x320.jpg 480w\" sizes=\"(max-width: 725px) 100vw, 725px\" \/>\t\t\t\t\t\t\t\t\t\t\t\t\t\t\t<\/div>\n\t\t\t\t<\/div>\n\t\t\t\t\t<\/div>\n\t\t<\/div>\n\t\t\t\t<div class=\"elementor-column elementor-col-66 elementor-top-column elementor-element elementor-element-e8c6028\" data-id=\"e8c6028\" data-element_type=\"column\" data-e-type=\"column\">\n\t\t\t<div class=\"elementor-widget-wrap elementor-element-populated\">\n\t\t\t\t\t\t<div class=\"elementor-element elementor-element-b16073b elementor-widget elementor-widget-text-editor\" data-id=\"b16073b\" data-element_type=\"widget\" data-e-type=\"widget\" data-widget_type=\"text-editor.default\">\n\t\t\t\t<div class=\"elementor-widget-container\">\n\t\t\t\t\t\t\t\t\t<p>Espacio creado para aquellos que buscan un lugar donde hacer un par\u00e9ntesis dentro del devenir de cada d\u00eda.<\/p><p>Sibari y su servicio de cafeter\u00eda y restaurante se encuentra disponible los sietes d\u00edas de la semana, ofreciendo productos de calidad,\u00a0 buen precio y de preparaci\u00f3n propia.<\/p><p>Contamos con pasteler\u00eda, ideal para comenzar el d\u00eda con un rico desayuno o para ya finalizarlo a la hora de \u201conce\u201d.<\/p>\t\t\t\t\t\t\t\t<\/div>\n\t\t\t\t<\/div>\n\t\t\t\t\t<\/div>\n\t\t<\/div>\n\t\t\t\t\t<\/div>\n\t\t<\/section>\n\t\t\t\t<section class=\"elementor-section elementor-top-section elementor-element elementor-element-63d1319 elementor-section-boxed elementor-section-height-default elementor-section-height-default\" data-id=\"63d1319\" data-element_type=\"section\" data-e-type=\"section\">\n\t\t\t\t\t\t<div class=\"elementor-container elementor-column-gap-default\">\n\t\t\t\t\t<div class=\"elementor-column elementor-col-100 elementor-top-column elementor-element elementor-element-3ebcf8a\" data-id=\"3ebcf8a\" data-element_type=\"column\" data-e-type=\"column\">\n\t\t\t<div class=\"elementor-widget-wrap elementor-element-populated\">\n\t\t\t\t\t\t<div class=\"elementor-element elementor-element-6498207 elementor-widget elementor-widget-text-editor\" data-id=\"6498207\" data-element_type=\"widget\" data-e-type=\"widget\" data-widget_type=\"text-editor.default\">\n\t\t\t\t<div class=\"elementor-widget-container\">\n\t\t\t\t\t\t\t\t\t<p>El Restaurante cuenta con men\u00fa ejecutivo de lunes a viernes que ofrece opciones de: <strong>Appetiezzer, Entrada, dos opciones de plato de fondo y postre<\/strong>, siempre buscando el equilibrio perfecto entre precio y calidad.<\/p><p>Contamos con variedad de <strong>S\u00e1ndwichs y Carnes<\/strong> para disfrutar a la hora de la cena.<\/p><p>Nuestro espacio cuenta con una preciosa terraza interior, en la cual cada detalle fue cuidadosamente planificado, con la intenci\u00f3n de lograr armon\u00eda y calidez en sus espacios, aqu\u00ed contamos con mesas y sillas con capacidad de 40 personas, piscina y chimenea.<\/p><p>Ofrecemos Servicio de Reservas para ocasiones especiales, cenas de trabajo, cumplea\u00f1os y mucho m\u00e1s.<\/p><p>Para consulta de presupuestos, comun\u00edcate con nosotros a los siguientes tel\u00e9fonos: <strong>(53)2648619 o al celular: +56964479099 correo electr\u00f3nico: <\/strong><a href=\"mailto:contacto@sibari.cl\"><strong>contacto@sibar<\/strong>i.cl<\/a><\/p>\t\t\t\t\t\t\t\t<\/div>\n\t\t\t\t<\/div>\n\t\t\t\t\t<\/div>\n\t\t<\/div>\n\t\t\t\t\t<\/div>\n\t\t<\/section>\n\t\t\t\t<\/div>\n\t\t","protected":false},"excerpt":{"rendered":"<p>Espacio creado para aquellos que buscan un lugar donde hacer un par\u00e9ntesis dentro del devenir de cada d\u00eda. Sibari y su servicio&#8230;<\/p>\n","protected":false},"author":2,"featured_media":0,"parent":0,"menu_order":0,"comment_status":"closed","ping_status":"closed","template":"","meta":{"footnotes":""},"class_list":["post-393","page","type-page","status-publish","hentry"],"_links":{"self":[{"href":"https:\/\/www.sibari.cl\/index.php\/wp-json\/wp\/v2\/pages\/393","targetHints":{"allow":["GET"]}}],"collection":[{"href":"https:\/\/www.sibari.cl\/index.php\/wp-json\/wp\/v2\/pages"}],"about":[{"href":"https:\/\/www.sibari.cl\/index.php\/wp-json\/wp\/v2\/types\/page"}],"author":[{"embeddable":true,"href":"https:\/\/www.sibari.cl\/index.php\/wp-json\/wp\/v2\/users\/2"}],"replies":[{"embeddable":true,"href":"https:\/\/www.sibari.cl\/index.php\/wp-json\/wp\/v2\/comments?post=393"}],"version-history":[{"count":8,"href":"https:\/\/www.sibari.cl\/index.php\/wp-json\/wp\/v2\/pages\/393\/revisions"}],"predecessor-version":[{"id":529,"href":"https:\/\/www.sibari.cl\/index.php\/wp-json\/wp\/v2\/pages\/393\/revisions\/529"}],"wp:attachment":[{"href":"https:\/\/www.sibari.cl\/index.php\/wp-json\/wp\/v2\/media?parent=393"}],"curies":[{"name":"wp","href":"https:\/\/api.w.org\/{rel}","templated":true}]}}