{"id":3515,"date":"2024-03-16T16:44:42","date_gmt":"2024-03-16T19:44:42","guid":{"rendered":"https:\/\/www.sibari.cl\/?page_id=3515"},"modified":"2025-03-09T00:40:48","modified_gmt":"2025-03-09T03:40:48","slug":"carnes-2","status":"publish","type":"page","link":"https:\/\/www.sibari.cl\/index.php\/carnes-2\/","title":{"rendered":"Carnes"},"content":{"rendered":"\t\t<div data-elementor-type=\"wp-post\" data-elementor-id=\"3515\" class=\"elementor elementor-3515\" data-elementor-post-type=\"page\">\n\t\t\t\t\t\t<section class=\"elementor-section elementor-top-section elementor-element elementor-element-0e84573 elementor-section-boxed elementor-section-height-default elementor-section-height-default\" data-id=\"0e84573\" data-element_type=\"section\" data-e-type=\"section\" data-settings=\"{&quot;sticky&quot;:&quot;top&quot;,&quot;sticky_on&quot;:[&quot;desktop&quot;,&quot;tablet&quot;,&quot;mobile&quot;],&quot;sticky_offset&quot;:0,&quot;sticky_effects_offset&quot;:0,&quot;sticky_anchor_link_offset&quot;:0}\">\n\t\t\t\t\t\t<div class=\"elementor-container elementor-column-gap-default\">\n\t\t\t\t\t<div class=\"elementor-column elementor-col-33 elementor-top-column elementor-element elementor-element-7c0dcc7\" data-id=\"7c0dcc7\" data-element_type=\"column\" data-e-type=\"column\">\n\t\t\t<div class=\"elementor-widget-wrap\">\n\t\t\t\t\t\t\t<\/div>\n\t\t<\/div>\n\t\t\t\t<div class=\"elementor-column elementor-col-33 elementor-top-column elementor-element elementor-element-b62b2c4\" data-id=\"b62b2c4\" data-element_type=\"column\" data-e-type=\"column\" data-settings=\"{&quot;background_background&quot;:&quot;classic&quot;}\">\n\t\t\t<div class=\"elementor-widget-wrap elementor-element-populated\">\n\t\t\t\t\t\t<div class=\"elementor-element elementor-element-7039c5b elementor-widget elementor-widget-image\" data-id=\"7039c5b\" data-element_type=\"widget\" data-e-type=\"widget\" data-widget_type=\"image.default\">\n\t\t\t\t<div class=\"elementor-widget-container\">\n\t\t\t\t\t\t\t\t\t\t\t\t\t\t\t<img decoding=\"async\" src=\"https:\/\/www.sibari.cl\/wp-content\/uploads\/elementor\/thumbs\/Logo-Sibari_Blanco_100x86-ox2pxrrfo06ma6tcpbtuxdv31fyyg87u2wrtxp8kxg.png\" title=\"Logo Sibari_Blanco_100x86\" alt=\"Logo Sibari_Blanco_100x86\" loading=\"lazy\" \/>\t\t\t\t\t\t\t\t\t\t\t\t\t\t\t<\/div>\n\t\t\t\t<\/div>\n\t\t\t\t\t<\/div>\n\t\t<\/div>\n\t\t\t\t<div class=\"elementor-column elementor-col-33 elementor-top-column elementor-element elementor-element-224103d\" data-id=\"224103d\" data-element_type=\"column\" data-e-type=\"column\">\n\t\t\t<div class=\"elementor-widget-wrap\">\n\t\t\t\t\t\t\t<\/div>\n\t\t<\/div>\n\t\t\t\t\t<\/div>\n\t\t<\/section>\n\t\t\t\t<section class=\"elementor-section elementor-top-section elementor-element elementor-element-ca113b6 elementor-section-boxed elementor-section-height-default elementor-section-height-default\" data-id=\"ca113b6\" data-element_type=\"section\" data-e-type=\"section\">\n\t\t\t\t\t\t<div class=\"elementor-container elementor-column-gap-default\">\n\t\t\t\t\t<div class=\"elementor-column elementor-col-33 elementor-top-column elementor-element elementor-element-eab7bc3\" data-id=\"eab7bc3\" data-element_type=\"column\" data-e-type=\"column\">\n\t\t\t<div class=\"elementor-widget-wrap\">\n\t\t\t\t\t\t\t<\/div>\n\t\t<\/div>\n\t\t\t\t<div class=\"elementor-column elementor-col-33 elementor-top-column elementor-element elementor-element-4b523d9\" data-id=\"4b523d9\" data-element_type=\"column\" data-e-type=\"column\">\n\t\t\t<div class=\"elementor-widget-wrap elementor-element-populated\">\n\t\t\t\t\t\t<div class=\"elementor-element elementor-element-fee65e7 elementor-widget elementor-widget-narestaurant_basic_services\" data-id=\"fee65e7\" data-element_type=\"widget\" data-e-type=\"widget\" data-settings=\"{&quot;more_icon&quot;:&quot;fa fa-money&quot;,&quot;service_image&quot;:{&quot;url&quot;:&quot;https:\\\/\\\/www.sibari.cl\\\/wp-content\\\/uploads\\\/2020\\\/10\\\/asado-de-tiras.jpg&quot;,&quot;id&quot;:871,&quot;size&quot;:&quot;&quot;},&quot;service_bg_image&quot;:{&quot;url&quot;:&quot;&quot;,&quot;id&quot;:&quot;&quot;,&quot;size&quot;:&quot;&quot;}}\" data-widget_type=\"narestaurant_basic_services.default\">\n\t\t\t\t<div class=\"elementor-widget-container\">\n\t\t\t\t\t<div class=\"narep-service-item service-style-one icon-left service-right have-img\"><div class=\"narep-image\"><img decoding=\"async\" src=\"https:\/\/www.sibari.cl\/wp-content\/uploads\/2020\/10\/asado-de-tiras.jpg\" alt=\"Asado de Tira.\"><\/div><div class=\"service-info\"><h3 class=\"service-title\">Asado de Tira.<\/h3><p>Cocci\u00f3n lenta al vino tinto - No incluye agregado.<\/p><a href=\"#\"   class=\"narep-link\"><span> Valor $19.900<\/span> <i class=\"fa fa-money\"><\/i><\/a><\/div><\/div>\t\t\t\t<\/div>\n\t\t\t\t<\/div>\n\t\t\t\t\t<\/div>\n\t\t<\/div>\n\t\t\t\t<div class=\"elementor-column elementor-col-33 elementor-top-column elementor-element elementor-element-0b64483\" data-id=\"0b64483\" data-element_type=\"column\" data-e-type=\"column\">\n\t\t\t<div class=\"elementor-widget-wrap\">\n\t\t\t\t\t\t\t<\/div>\n\t\t<\/div>\n\t\t\t\t\t<\/div>\n\t\t<\/section>\n\t\t\t\t<section class=\"elementor-section elementor-top-section elementor-element elementor-element-2047e21 elementor-section-boxed elementor-section-height-default elementor-section-height-default\" data-id=\"2047e21\" data-element_type=\"section\" data-e-type=\"section\">\n\t\t\t\t\t\t<div class=\"elementor-container elementor-column-gap-default\">\n\t\t\t\t\t<div class=\"elementor-column elementor-col-33 elementor-top-column elementor-element elementor-element-9e0fb5e\" data-id=\"9e0fb5e\" data-element_type=\"column\" data-e-type=\"column\">\n\t\t\t<div class=\"elementor-widget-wrap\">\n\t\t\t\t\t\t\t<\/div>\n\t\t<\/div>\n\t\t\t\t<div class=\"elementor-column elementor-col-33 elementor-top-column elementor-element elementor-element-affe7f2\" data-id=\"affe7f2\" data-element_type=\"column\" data-e-type=\"column\">\n\t\t\t<div class=\"elementor-widget-wrap elementor-element-populated\">\n\t\t\t\t\t\t<div class=\"elementor-element elementor-element-97a81b4 elementor-widget elementor-widget-narestaurant_basic_services\" data-id=\"97a81b4\" data-element_type=\"widget\" data-e-type=\"widget\" data-settings=\"{&quot;more_icon&quot;:&quot;fa fa-money&quot;,&quot;service_image&quot;:{&quot;url&quot;:&quot;https:\\\/\\\/www.sibari.cl\\\/wp-content\\\/uploads\\\/2021\\\/05\\\/Lomo_con-_arroz.jpg&quot;,&quot;id&quot;:2267,&quot;size&quot;:&quot;&quot;},&quot;service_bg_image&quot;:{&quot;url&quot;:&quot;&quot;,&quot;id&quot;:&quot;&quot;,&quot;size&quot;:&quot;&quot;}}\" data-widget_type=\"narestaurant_basic_services.default\">\n\t\t\t\t<div class=\"elementor-widget-container\">\n\t\t\t\t\t<div class=\"narep-service-item service-style-one icon-left service-right have-img\"><div class=\"narep-image\"><img decoding=\"async\" src=\"https:\/\/www.sibari.cl\/wp-content\/uploads\/2021\/05\/Lomo_con-_arroz.jpg\" alt=\"Lomo.\"><\/div><div class=\"service-info\"><h3 class=\"service-title\">Lomo.<\/h3><p>Sellado en plancha de fierro, condimentado con sal gruesa y pimienta negra - No incluye agregado<\/p><a href=\"#\"   class=\"narep-link\"><span>Valor $12.900<\/span> <i class=\"fa fa-money\"><\/i><\/a><\/div><\/div>\t\t\t\t<\/div>\n\t\t\t\t<\/div>\n\t\t\t\t\t<\/div>\n\t\t<\/div>\n\t\t\t\t<div class=\"elementor-column elementor-col-33 elementor-top-column elementor-element elementor-element-c4346c6\" data-id=\"c4346c6\" data-element_type=\"column\" data-e-type=\"column\">\n\t\t\t<div class=\"elementor-widget-wrap\">\n\t\t\t\t\t\t\t<\/div>\n\t\t<\/div>\n\t\t\t\t\t<\/div>\n\t\t<\/section>\n\t\t\t\t<section class=\"elementor-section elementor-top-section elementor-element elementor-element-f8b6a79 elementor-section-boxed elementor-section-height-default elementor-section-height-default\" data-id=\"f8b6a79\" data-element_type=\"section\" data-e-type=\"section\">\n\t\t\t\t\t\t<div class=\"elementor-container elementor-column-gap-default\">\n\t\t\t\t\t<div class=\"elementor-column elementor-col-33 elementor-top-column elementor-element elementor-element-9cc06eb\" data-id=\"9cc06eb\" data-element_type=\"column\" data-e-type=\"column\">\n\t\t\t<div class=\"elementor-widget-wrap\">\n\t\t\t\t\t\t\t<\/div>\n\t\t<\/div>\n\t\t\t\t<div class=\"elementor-column elementor-col-33 elementor-top-column elementor-element elementor-element-6daa868\" data-id=\"6daa868\" data-element_type=\"column\" data-e-type=\"column\">\n\t\t\t<div class=\"elementor-widget-wrap elementor-element-populated\">\n\t\t\t\t\t\t<div class=\"elementor-element elementor-element-c014a52 elementor-widget elementor-widget-narestaurant_basic_services\" data-id=\"c014a52\" data-element_type=\"widget\" data-e-type=\"widget\" data-settings=\"{&quot;more_icon&quot;:&quot;fa fa-money&quot;,&quot;service_image&quot;:{&quot;url&quot;:&quot;https:\\\/\\\/www.sibari.cl\\\/wp-content\\\/uploads\\\/2020\\\/10\\\/Filete.jpg&quot;,&quot;id&quot;:864,&quot;size&quot;:&quot;&quot;},&quot;service_bg_image&quot;:{&quot;url&quot;:&quot;&quot;,&quot;id&quot;:&quot;&quot;,&quot;size&quot;:&quot;&quot;}}\" data-widget_type=\"narestaurant_basic_services.default\">\n\t\t\t\t<div class=\"elementor-widget-container\">\n\t\t\t\t\t<div class=\"narep-service-item service-style-one icon-left service-right have-img\"><div class=\"narep-image\"><img decoding=\"async\" src=\"https:\/\/www.sibari.cl\/wp-content\/uploads\/2020\/10\/Filete.jpg\" alt=\"Filete\"><\/div><div class=\"service-info\"><h3 class=\"service-title\">Filete<\/h3><p>Sellado en plancha de fierro, condimentado con sal gruesa y pimienta negra - No incluye agregado<\/p><a href=\"#\"   class=\"narep-link\"><span>Valor $14.900<\/span> <i class=\"fa fa-money\"><\/i><\/a><\/div><\/div>\t\t\t\t<\/div>\n\t\t\t\t<\/div>\n\t\t\t\t\t<\/div>\n\t\t<\/div>\n\t\t\t\t<div class=\"elementor-column elementor-col-33 elementor-top-column elementor-element elementor-element-0f77b65\" data-id=\"0f77b65\" data-element_type=\"column\" data-e-type=\"column\">\n\t\t\t<div class=\"elementor-widget-wrap\">\n\t\t\t\t\t\t\t<\/div>\n\t\t<\/div>\n\t\t\t\t\t<\/div>\n\t\t<\/section>\n\t\t\t\t<section class=\"elementor-section elementor-top-section elementor-element elementor-element-9ff4936 elementor-section-boxed elementor-section-height-default elementor-section-height-default\" data-id=\"9ff4936\" data-element_type=\"section\" data-e-type=\"section\">\n\t\t\t\t\t\t<div class=\"elementor-container elementor-column-gap-default\">\n\t\t\t\t\t<div class=\"elementor-column elementor-col-33 elementor-top-column elementor-element elementor-element-226bef1\" data-id=\"226bef1\" data-element_type=\"column\" data-e-type=\"column\">\n\t\t\t<div class=\"elementor-widget-wrap\">\n\t\t\t\t\t\t\t<\/div>\n\t\t<\/div>\n\t\t\t\t<div class=\"elementor-column elementor-col-33 elementor-top-column elementor-element elementor-element-710eb79\" data-id=\"710eb79\" data-element_type=\"column\" data-e-type=\"column\">\n\t\t\t<div class=\"elementor-widget-wrap elementor-element-populated\">\n\t\t\t\t\t\t<div class=\"elementor-element elementor-element-bbaf997 elementor-widget elementor-widget-narestaurant_basic_services\" data-id=\"bbaf997\" data-element_type=\"widget\" data-e-type=\"widget\" data-settings=\"{&quot;more_icon&quot;:&quot;fa fa-money&quot;,&quot;service_image&quot;:{&quot;url&quot;:&quot;https:\\\/\\\/www.sibari.cl\\\/wp-content\\\/uploads\\\/2020\\\/10\\\/Plateada-al-Horno.jpg&quot;,&quot;id&quot;:1149,&quot;size&quot;:&quot;&quot;},&quot;service_bg_image&quot;:{&quot;url&quot;:&quot;&quot;,&quot;id&quot;:&quot;&quot;,&quot;size&quot;:&quot;&quot;}}\" data-widget_type=\"narestaurant_basic_services.default\">\n\t\t\t\t<div class=\"elementor-widget-container\">\n\t\t\t\t\t<div class=\"narep-service-item service-style-one icon-left service-right have-img\"><div class=\"narep-image\"><img decoding=\"async\" src=\"https:\/\/www.sibari.cl\/wp-content\/uploads\/2020\/10\/Plateada-al-Horno.jpg\" alt=\"Plateada al Horno.\"><\/div><div class=\"service-info\"><h3 class=\"service-title\">Plateada al Horno.<\/h3><p>Cocci\u00f3n lenta al vino - No incluye agregado<\/p><a href=\"#\"   class=\"narep-link\"><span>Valor $14.900<\/span> <i class=\"fa fa-money\"><\/i><\/a><\/div><\/div>\t\t\t\t<\/div>\n\t\t\t\t<\/div>\n\t\t\t\t\t<\/div>\n\t\t<\/div>\n\t\t\t\t<div class=\"elementor-column elementor-col-33 elementor-top-column elementor-element elementor-element-17a6261\" data-id=\"17a6261\" data-element_type=\"column\" data-e-type=\"column\">\n\t\t\t<div class=\"elementor-widget-wrap\">\n\t\t\t\t\t\t\t<\/div>\n\t\t<\/div>\n\t\t\t\t\t<\/div>\n\t\t<\/section>\n\t\t\t\t<section class=\"elementor-section elementor-top-section elementor-element elementor-element-0f0dfd4 elementor-section-boxed elementor-section-height-default elementor-section-height-default\" data-id=\"0f0dfd4\" data-element_type=\"section\" data-e-type=\"section\">\n\t\t\t\t\t\t<div class=\"elementor-container elementor-column-gap-default\">\n\t\t\t\t\t<div class=\"elementor-column elementor-col-33 elementor-top-column elementor-element elementor-element-a062f19\" data-id=\"a062f19\" data-element_type=\"column\" data-e-type=\"column\">\n\t\t\t<div class=\"elementor-widget-wrap\">\n\t\t\t\t\t\t\t<\/div>\n\t\t<\/div>\n\t\t\t\t<div class=\"elementor-column elementor-col-33 elementor-top-column elementor-element elementor-element-d7ac36f\" data-id=\"d7ac36f\" data-element_type=\"column\" data-e-type=\"column\">\n\t\t\t<div class=\"elementor-widget-wrap elementor-element-populated\">\n\t\t\t\t\t\t<div class=\"elementor-element elementor-element-e75e9e6 elementor-widget elementor-widget-narestaurant_basic_services\" data-id=\"e75e9e6\" data-element_type=\"widget\" data-e-type=\"widget\" data-settings=\"{&quot;more_icon&quot;:&quot;fa fa-money&quot;,&quot;service_image&quot;:{&quot;url&quot;:&quot;https:\\\/\\\/www.sibari.cl\\\/wp-content\\\/uploads\\\/2022\\\/08\\\/Dise\\u00f1o-sin-t\\u00edtulo-43-1.png&quot;,&quot;id&quot;:2765,&quot;size&quot;:&quot;&quot;},&quot;_animation&quot;:&quot;none&quot;,&quot;service_bg_image&quot;:{&quot;url&quot;:&quot;&quot;,&quot;id&quot;:&quot;&quot;,&quot;size&quot;:&quot;&quot;}}\" data-widget_type=\"narestaurant_basic_services.default\">\n\t\t\t\t<div class=\"elementor-widget-container\">\n\t\t\t\t\t<div class=\"narep-service-item service-style-one icon-left service-right have-img\"><div class=\"narep-image\"><img decoding=\"async\" src=\"https:\/\/www.sibari.cl\/wp-content\/uploads\/2022\/08\/Dise\u00f1o-sin-t\u00edtulo-43-1.png\" alt=\"Lomo saltado mar y tierra\"><\/div><div class=\"service-info\"><h3 class=\"service-title\">Lomo saltado mar y tierra<\/h3><p>Lomo Salteado con cebolla morada, tomate y camar\u00f3n acompa\u00f1ado de una porci\u00f3n de arroz y papa fritas<\/p><a href=\"#\"   class=\"narep-link\"><span>Valor $14.900<\/span> <i class=\"fa fa-money\"><\/i><\/a><\/div><\/div>\t\t\t\t<\/div>\n\t\t\t\t<\/div>\n\t\t\t\t\t<\/div>\n\t\t<\/div>\n\t\t\t\t<div class=\"elementor-column elementor-col-33 elementor-top-column elementor-element elementor-element-6d3cd2d\" data-id=\"6d3cd2d\" data-element_type=\"column\" data-e-type=\"column\">\n\t\t\t<div class=\"elementor-widget-wrap\">\n\t\t\t\t\t\t\t<\/div>\n\t\t<\/div>\n\t\t\t\t\t<\/div>\n\t\t<\/section>\n\t\t\t\t<section class=\"elementor-section elementor-top-section elementor-element elementor-element-109275f elementor-section-boxed elementor-section-height-default elementor-section-height-default\" data-id=\"109275f\" data-element_type=\"section\" data-e-type=\"section\">\n\t\t\t\t\t\t<div class=\"elementor-container elementor-column-gap-default\">\n\t\t\t\t\t<div class=\"elementor-column elementor-col-33 elementor-top-column elementor-element elementor-element-77003d0\" data-id=\"77003d0\" data-element_type=\"column\" data-e-type=\"column\">\n\t\t\t<div class=\"elementor-widget-wrap\">\n\t\t\t\t\t\t\t<\/div>\n\t\t<\/div>\n\t\t\t\t<div class=\"elementor-column elementor-col-33 elementor-top-column elementor-element elementor-element-cf3f855\" data-id=\"cf3f855\" data-element_type=\"column\" data-e-type=\"column\">\n\t\t\t<div class=\"elementor-widget-wrap elementor-element-populated\">\n\t\t\t\t\t\t<div class=\"elementor-element elementor-element-8fcb6f1 elementor-widget elementor-widget-narestaurant_basic_services\" data-id=\"8fcb6f1\" data-element_type=\"widget\" data-e-type=\"widget\" data-settings=\"{&quot;more_icon&quot;:&quot;fa fa-money&quot;,&quot;service_image&quot;:{&quot;url&quot;:&quot;https:\\\/\\\/www.sibari.cl\\\/wp-content\\\/uploads\\\/2023\\\/08\\\/Diseno-sin-titulo-2023-08-25T042001.393.png&quot;,&quot;id&quot;:3170,&quot;size&quot;:&quot;&quot;,&quot;alt&quot;:&quot;Pollo a la plancha&quot;,&quot;source&quot;:&quot;library&quot;},&quot;service_bg_image&quot;:{&quot;url&quot;:&quot;&quot;,&quot;id&quot;:&quot;&quot;,&quot;size&quot;:&quot;&quot;}}\" data-widget_type=\"narestaurant_basic_services.default\">\n\t\t\t\t<div class=\"elementor-widget-container\">\n\t\t\t\t\t<div class=\"narep-service-item service-style-one icon-left service-right have-img\"><div class=\"narep-image\"><img decoding=\"async\" src=\"https:\/\/www.sibari.cl\/wp-content\/uploads\/2023\/08\/Diseno-sin-titulo-2023-08-25T042001.393.png\" alt=\"Pollo a la Plancha.\"><\/div><div class=\"service-info\"><h3 class=\"service-title\">Pollo a la Plancha.<\/h3><p>No incluye agregado<\/p><a href=\"#\"   class=\"narep-link\"><span>Valor $6.900<\/span> <i class=\"fa fa-money\"><\/i><\/a><\/div><\/div>\t\t\t\t<\/div>\n\t\t\t\t<\/div>\n\t\t\t\t\t<\/div>\n\t\t<\/div>\n\t\t\t\t<div class=\"elementor-column elementor-col-33 elementor-top-column elementor-element elementor-element-f2ec6e2\" data-id=\"f2ec6e2\" data-element_type=\"column\" data-e-type=\"column\">\n\t\t\t<div class=\"elementor-widget-wrap\">\n\t\t\t\t\t\t\t<\/div>\n\t\t<\/div>\n\t\t\t\t\t<\/div>\n\t\t<\/section>\n\t\t\t\t<section class=\"elementor-section elementor-top-section elementor-element elementor-element-16d0167 elementor-section-boxed elementor-section-height-default elementor-section-height-default\" data-id=\"16d0167\" data-element_type=\"section\" data-e-type=\"section\">\n\t\t\t\t\t\t<div class=\"elementor-container elementor-column-gap-default\">\n\t\t\t\t\t<div class=\"elementor-column elementor-col-33 elementor-top-column elementor-element elementor-element-fe5cc62\" data-id=\"fe5cc62\" data-element_type=\"column\" data-e-type=\"column\">\n\t\t\t<div class=\"elementor-widget-wrap\">\n\t\t\t\t\t\t\t<\/div>\n\t\t<\/div>\n\t\t\t\t<div class=\"elementor-column elementor-col-33 elementor-top-column elementor-element elementor-element-3e9a2ba\" data-id=\"3e9a2ba\" data-element_type=\"column\" data-e-type=\"column\">\n\t\t\t<div class=\"elementor-widget-wrap elementor-element-populated\">\n\t\t\t\t\t\t<div class=\"elementor-element elementor-element-824caa8 elementor-widget elementor-widget-narestaurant_basic_services\" data-id=\"824caa8\" data-element_type=\"widget\" data-e-type=\"widget\" data-settings=\"{&quot;more_icon&quot;:&quot;fa fa-money&quot;,&quot;service_image&quot;:{&quot;url&quot;:&quot;https:\\\/\\\/www.sibari.cl\\\/wp-content\\\/uploads\\\/2022\\\/09\\\/Lengua_de_vacuno_a_la_chilena.jpg&quot;,&quot;id&quot;:2811,&quot;size&quot;:&quot;&quot;},&quot;service_bg_image&quot;:{&quot;url&quot;:&quot;&quot;,&quot;id&quot;:&quot;&quot;,&quot;size&quot;:&quot;&quot;}}\" data-widget_type=\"narestaurant_basic_services.default\">\n\t\t\t\t<div class=\"elementor-widget-container\">\n\t\t\t\t\t<div class=\"narep-service-item service-style-one icon-left service-right have-img\"><div class=\"narep-image\"><img decoding=\"async\" src=\"https:\/\/www.sibari.cl\/wp-content\/uploads\/2022\/09\/Lengua_de_vacuno_a_la_chilena.jpg\" alt=\"Lengua de vacuno a la chilena\"><\/div><div class=\"service-info\"><h3 class=\"service-title\">Lengua de vacuno a la chilena<\/h3><p>Lengua de vacuno a la chilena, acompa\u00f1ada de salsa t\u00e1rtara, pepinillo, y huevo duro. No incluye agregado<\/p><a href=\"#\"   class=\"narep-link\"><span>Valor $10.990<\/span> <i class=\"fa fa-money\"><\/i><\/a><\/div><\/div>\t\t\t\t<\/div>\n\t\t\t\t<\/div>\n\t\t\t\t\t<\/div>\n\t\t<\/div>\n\t\t\t\t<div class=\"elementor-column elementor-col-33 elementor-top-column elementor-element elementor-element-368c96a\" data-id=\"368c96a\" data-element_type=\"column\" data-e-type=\"column\">\n\t\t\t<div class=\"elementor-widget-wrap\">\n\t\t\t\t\t\t\t<\/div>\n\t\t<\/div>\n\t\t\t\t\t<\/div>\n\t\t<\/section>\n\t\t\t\t<section class=\"elementor-section elementor-top-section elementor-element elementor-element-427f5a9 elementor-section-boxed elementor-section-height-default elementor-section-height-default\" data-id=\"427f5a9\" data-element_type=\"section\" data-e-type=\"section\">\n\t\t\t\t\t\t<div class=\"elementor-container elementor-column-gap-default\">\n\t\t\t\t\t<div class=\"elementor-column elementor-col-33 elementor-top-column elementor-element elementor-element-50898df\" data-id=\"50898df\" data-element_type=\"column\" data-e-type=\"column\">\n\t\t\t<div class=\"elementor-widget-wrap\">\n\t\t\t\t\t\t\t<\/div>\n\t\t<\/div>\n\t\t\t\t<div class=\"elementor-column elementor-col-33 elementor-top-column elementor-element elementor-element-38651c5\" data-id=\"38651c5\" data-element_type=\"column\" data-e-type=\"column\">\n\t\t\t<div class=\"elementor-widget-wrap elementor-element-populated\">\n\t\t\t\t\t\t<div class=\"elementor-element elementor-element-83d09b8 elementor-widget elementor-widget-narestaurant_basic_services\" data-id=\"83d09b8\" data-element_type=\"widget\" data-e-type=\"widget\" data-settings=\"{&quot;more_icon&quot;:&quot;fa fa-money&quot;,&quot;service_image&quot;:{&quot;url&quot;:&quot;https:\\\/\\\/www.sibari.cl\\\/wp-content\\\/uploads\\\/2020\\\/10\\\/Risotto.jpg&quot;,&quot;id&quot;:1144,&quot;size&quot;:&quot;&quot;},&quot;service_bg_image&quot;:{&quot;url&quot;:&quot;&quot;,&quot;id&quot;:&quot;&quot;,&quot;size&quot;:&quot;&quot;}}\" data-widget_type=\"narestaurant_basic_services.default\">\n\t\t\t\t<div class=\"elementor-widget-container\">\n\t\t\t\t\t<div class=\"narep-service-item service-style-one icon-left service-right have-img\"><div class=\"narep-image\"><img decoding=\"async\" src=\"https:\/\/www.sibari.cl\/wp-content\/uploads\/2020\/10\/Risotto.jpg\" alt=\"Risotto Mar y Tierra.\"><\/div><div class=\"service-info\"><h3 class=\"service-title\">Risotto Mar y Tierra.<\/h3><p>Arroz Risotto en cocci\u00f3n con vino blanco, ostion, calamar, camar\u00f3n, pollo y carne.<\/p><a href=\"#\"   class=\"narep-link\"><span>Valor $13.900<\/span> <i class=\"fa fa-money\"><\/i><\/a><\/div><\/div>\t\t\t\t<\/div>\n\t\t\t\t<\/div>\n\t\t\t\t\t<\/div>\n\t\t<\/div>\n\t\t\t\t<div class=\"elementor-column elementor-col-33 elementor-top-column elementor-element elementor-element-d0408ad\" data-id=\"d0408ad\" data-element_type=\"column\" data-e-type=\"column\">\n\t\t\t<div class=\"elementor-widget-wrap\">\n\t\t\t\t\t\t\t<\/div>\n\t\t<\/div>\n\t\t\t\t\t<\/div>\n\t\t<\/section>\n\t\t\t\t<\/div>\n\t\t","protected":false},"excerpt":{"rendered":"<p>Asado de Tira. Cocci\u00f3n lenta al vino tinto &#8211; No incluye agregado. Valor $19.900 Lomo. Sellado en plancha de fierro, condimentado con&#8230;<\/p>\n","protected":false},"author":2,"featured_media":0,"parent":0,"menu_order":0,"comment_status":"closed","ping_status":"closed","template":"elementor_canvas","meta":{"footnotes":""},"class_list":["post-3515","page","type-page","status-publish","hentry"],"_links":{"self":[{"href":"https:\/\/www.sibari.cl\/index.php\/wp-json\/wp\/v2\/pages\/3515","targetHints":{"allow":["GET"]}}],"collection":[{"href":"https:\/\/www.sibari.cl\/index.php\/wp-json\/wp\/v2\/pages"}],"about":[{"href":"https:\/\/www.sibari.cl\/index.php\/wp-json\/wp\/v2\/types\/page"}],"author":[{"embeddable":true,"href":"https:\/\/www.sibari.cl\/index.php\/wp-json\/wp\/v2\/users\/2"}],"replies":[{"embeddable":true,"href":"https:\/\/www.sibari.cl\/index.php\/wp-json\/wp\/v2\/comments?post=3515"}],"version-history":[{"count":9,"href":"https:\/\/www.sibari.cl\/index.php\/wp-json\/wp\/v2\/pages\/3515\/revisions"}],"predecessor-version":[{"id":3758,"href":"https:\/\/www.sibari.cl\/index.php\/wp-json\/wp\/v2\/pages\/3515\/revisions\/3758"}],"wp:attachment":[{"href":"https:\/\/www.sibari.cl\/index.php\/wp-json\/wp\/v2\/media?parent=3515"}],"curies":[{"name":"wp","href":"https:\/\/api.w.org\/{rel}","templated":true}]}}